{"id":139,"date":"2021-11-29T10:57:27","date_gmt":"2021-11-29T08:57:27","guid":{"rendered":"https:\/\/uusi.karjalankonepaja.fi\/?page_id=139"},"modified":"2025-10-28T11:25:39","modified_gmt":"2025-10-28T09:25:39","slug":"avoimet-tyotehtavat","status":"publish","type":"page","link":"https:\/\/karjalankonepaja.fi\/index.php\/avoimet-tyotehtavat\/","title":{"rendered":"Avoimet ty\u00f6teht\u00e4v\u00e4t"},"content":{"rendered":"\n<div class=\"wp-block-columns is-layout-flex wp-container-core-columns-is-layout-9d6595d7 wp-block-columns-is-layout-flex\"><\/div>\n\n\n\n<p><strong>Haemme konepajallemme Parikkalaan kokoaikaiseen ty\u00f6suhteseen:<\/strong><\/p>\n\n\n\n<div class=\"wp-block-columns is-layout-flex wp-container-core-columns-is-layout-9d6595d7 wp-block-columns-is-layout-flex\">\n<div class=\"wp-block-column is-layout-flow wp-block-column-is-layout-flow\" style=\"flex-basis:33.33%\">\n<figure class=\"wp-block-image size-large\"><img loading=\"lazy\" decoding=\"async\" width=\"2025\" height=\"1297\" src=\"https:\/\/karjalankonepaja.fi\/wp-content\/uploads\/2021\/12\/Harjavalta-projekti-08-057-edited.jpg\" alt=\"\" class=\"wp-image-422\" srcset=\"https:\/\/karjalankonepaja.fi\/wp-content\/uploads\/2021\/12\/Harjavalta-projekti-08-057-edited.jpg 2025w, https:\/\/karjalankonepaja.fi\/wp-content\/uploads\/2021\/12\/Harjavalta-projekti-08-057-edited-300x192.jpg 300w, https:\/\/karjalankonepaja.fi\/wp-content\/uploads\/2021\/12\/Harjavalta-projekti-08-057-edited-1024x656.jpg 1024w, https:\/\/karjalankonepaja.fi\/wp-content\/uploads\/2021\/12\/Harjavalta-projekti-08-057-edited-150x96.jpg 150w, https:\/\/karjalankonepaja.fi\/wp-content\/uploads\/2021\/12\/Harjavalta-projekti-08-057-edited-768x492.jpg 768w, https:\/\/karjalankonepaja.fi\/wp-content\/uploads\/2021\/12\/Harjavalta-projekti-08-057-edited-1536x984.jpg 1536w, https:\/\/karjalankonepaja.fi\/wp-content\/uploads\/2021\/12\/Harjavalta-projekti-08-057-edited-468x300.jpg 468w\" sizes=\"auto, (max-width: 2025px) 100vw, 2025px\" \/><\/figure>\n\n\n\n<figure class=\"wp-block-image size-full\"><img loading=\"lazy\" decoding=\"async\" width=\"396\" height=\"326\" src=\"https:\/\/karjalankonepaja.fi\/wp-content\/uploads\/2021\/12\/Puhaltaja.jpg\" alt=\"\" class=\"wp-image-463\" srcset=\"https:\/\/karjalankonepaja.fi\/wp-content\/uploads\/2021\/12\/Puhaltaja.jpg 396w, https:\/\/karjalankonepaja.fi\/wp-content\/uploads\/2021\/12\/Puhaltaja-300x247.jpg 300w, https:\/\/karjalankonepaja.fi\/wp-content\/uploads\/2021\/12\/Puhaltaja-150x123.jpg 150w, https:\/\/karjalankonepaja.fi\/wp-content\/uploads\/2021\/12\/Puhaltaja-364x300.jpg 364w\" sizes=\"auto, (max-width: 396px) 100vw, 396px\" \/><\/figure>\n\n\n\n<figure class=\"wp-block-image size-large\"><img loading=\"lazy\" decoding=\"async\" width=\"1024\" height=\"803\" src=\"https:\/\/karjalankonepaja.fi\/wp-content\/uploads\/2021\/12\/maalari-1024x803.jpg\" alt=\"\" class=\"wp-image-414\" srcset=\"https:\/\/karjalankonepaja.fi\/wp-content\/uploads\/2021\/12\/maalari-1024x803.jpg 1024w, https:\/\/karjalankonepaja.fi\/wp-content\/uploads\/2021\/12\/maalari-300x235.jpg 300w, https:\/\/karjalankonepaja.fi\/wp-content\/uploads\/2021\/12\/maalari-150x118.jpg 150w, https:\/\/karjalankonepaja.fi\/wp-content\/uploads\/2021\/12\/maalari-768x603.jpg 768w, https:\/\/karjalankonepaja.fi\/wp-content\/uploads\/2021\/12\/maalari-1536x1205.jpg 1536w, https:\/\/karjalankonepaja.fi\/wp-content\/uploads\/2021\/12\/maalari-2048x1607.jpg 2048w, https:\/\/karjalankonepaja.fi\/wp-content\/uploads\/2021\/12\/maalari-382x300.jpg 382w\" sizes=\"auto, (max-width: 1024px) 100vw, 1024px\" \/><\/figure>\n<\/div>\n\n\n\n<div class=\"wp-block-column is-layout-flow wp-block-column-is-layout-flow\"><\/div>\n\n\n\n<div class=\"wp-block-column is-layout-flow wp-block-column-is-layout-flow\" style=\"flex-basis:66.66%\">\n<p><strong>TER\u00c4SRAEPUHALTAJAA<\/strong><br>Ty\u00f6teht\u00e4v\u00e4viisi kuuluu ter\u00e4srakenteiden suihkupuhdistus raepuhaltamossa sek\u00e4 valmiiden tuotteiden pakkaus ja lastaus asennuskohteisiin toimitettavaksi.<br>Olet riuska ja ty\u00f6ss\u00e4si huolellinen. Ty\u00f6ll\u00e4si luot pohjan konepajamme laadukkaalle maalaus k\u00e4sittelylle.<\/p>\n\n\n\n<p><strong>KORKEAPAINERUISKUMAALARIA<\/strong><br>Toimit kokeneen maalarimme ty\u00f6parina ter\u00e4srakenne maalaamossamme.<br>Olet ty\u00f6ss\u00e4si huolellinen ja haluat kehitty\u00e4 teollisuus maalauksen ammattilaiseksi. Opit mittaamaan maalikalvopaksuudet ja laatimaan maalausprosessin laatudokumentoinnin.<\/p>\n<\/div>\n<\/div>\n\n\n\n<p><strong>Haemme kotimaan asennuskohteisiin kokoaikaiseen ty\u00f6suhteeseen:<\/strong><\/p>\n\n\n\n<div class=\"wp-block-columns is-layout-flex wp-container-core-columns-is-layout-9d6595d7 wp-block-columns-is-layout-flex\">\n<div class=\"wp-block-column is-layout-flow wp-block-column-is-layout-flow\" style=\"flex-basis:33.33%\">\n<figure class=\"wp-block-image size-full\"><img loading=\"lazy\" decoding=\"async\" width=\"300\" height=\"306\" src=\"https:\/\/karjalankonepaja.fi\/wp-content\/uploads\/2021\/12\/kasa-edited.jpg\" alt=\"\" class=\"wp-image-484\" srcset=\"https:\/\/karjalankonepaja.fi\/wp-content\/uploads\/2021\/12\/kasa-edited.jpg 300w, https:\/\/karjalankonepaja.fi\/wp-content\/uploads\/2021\/12\/kasa-edited-294x300.jpg 294w, https:\/\/karjalankonepaja.fi\/wp-content\/uploads\/2021\/12\/kasa-edited-147x150.jpg 147w\" sizes=\"auto, (max-width: 300px) 100vw, 300px\" \/><\/figure>\n\n\n\n<figure class=\"wp-block-image size-full\"><img loading=\"lazy\" decoding=\"async\" width=\"300\" height=\"313\" src=\"https:\/\/karjalankonepaja.fi\/wp-content\/uploads\/2021\/12\/asentajat-edited.jpg\" alt=\"\" class=\"wp-image-478\" srcset=\"https:\/\/karjalankonepaja.fi\/wp-content\/uploads\/2021\/12\/asentajat-edited.jpg 300w, https:\/\/karjalankonepaja.fi\/wp-content\/uploads\/2021\/12\/asentajat-edited-288x300.jpg 288w, https:\/\/karjalankonepaja.fi\/wp-content\/uploads\/2021\/12\/asentajat-edited-144x150.jpg 144w\" sizes=\"auto, (max-width: 300px) 100vw, 300px\" \/><\/figure>\n<\/div>\n\n\n\n<div class=\"wp-block-column is-layout-flow wp-block-column-is-layout-flow\" style=\"flex-basis:66.66%\">\n<p><strong>ASENNUSTY\u00d6NJOHTAJAA<\/strong><br>Haemme kokenutta asennusty\u00f6njohtajaa vastaamaan teollisuudessa teht\u00e4vist\u00e4 ter\u00e4srakenne asennuksista.<br>Asennuskohteemme sijaitsevat eri puolilla Suomea, joten teht\u00e4v\u00e4n hoito vaatii jatkuvaa matkustamista.<br>Projektien l\u00e4pivienti sis\u00e4lt\u00e4\u00e4 my\u00f6s ty\u00f6skentely\u00e4 Parikkalan toimistolla ja konepajalla.<br>Toivomme, ett\u00e4 omaat organisointikyky\u00e4 ja sinulla on itsen\u00e4inen ja vastuullinen ote ty\u00f6h\u00f6n.<\/p>\n\n\n\n<p><strong>TER\u00c4SRAKENNEASENTAJIA<\/strong><br>Ty\u00f6teht\u00e4viisi kuuluu ter\u00e4srakenteiden asennus eri puolella Suomea sijaitsevissa ty\u00f6kohteissamme. Olet osa hurttia asennustiimi\u00e4mme ja valmis jatkamaan ty\u00f6p\u00e4iv\u00e4\u00e4 tarvittaessa.<br>Hitsaustaito ja kuorma-auton ajokortti on pelkk\u00e4\u00e4 plussaa.<\/p>\n\n\n\n<p>Lis\u00e4tietoja antaa <strong>Simo Salminen<\/strong><br>puh: 0500 700 718<br>e-mail: simo.salminen(at)karjalankonepaja.fi&nbsp;<\/p>\n<\/div>\n<\/div>\n","protected":false},"excerpt":{"rendered":"<p>Haemme konepajallemme Parikkalaan kokoaikaiseen ty\u00f6suhteseen: TER\u00c4SRAEPUHALTAJAATy\u00f6teht\u00e4v\u00e4viisi kuuluu ter\u00e4srakenteiden suihkupuhdistus raepuhaltamossa sek\u00e4 valmiiden tuotteiden pakkaus ja lastaus asennuskohteisiin toimitettavaksi.Olet riuska ja ty\u00f6ss\u00e4si huolellinen. Ty\u00f6ll\u00e4si luot pohjan konepajamme laadukkaalle maalaus k\u00e4sittelylle. KORKEAPAINERUISKUMAALARIAToimit kokeneen maalarimme ty\u00f6parina ter\u00e4srakenne maalaamossamme.Olet ty\u00f6ss\u00e4si huolellinen ja haluat kehitty\u00e4 &hellip; <a href=\"https:\/\/karjalankonepaja.fi\/index.php\/avoimet-tyotehtavat\/\">Lue loppuun <span class=\"meta-nav\">&rarr;<\/span><\/a><\/p>\n","protected":false},"author":2,"featured_media":0,"parent":0,"menu_order":0,"comment_status":"closed","ping_status":"closed","template":"sidebar-page.php","meta":{"footnotes":""},"class_list":["post-139","page","type-page","status-publish","hentry"],"_links":{"self":[{"href":"https:\/\/karjalankonepaja.fi\/index.php\/wp-json\/wp\/v2\/pages\/139","targetHints":{"allow":["GET"]}}],"collection":[{"href":"https:\/\/karjalankonepaja.fi\/index.php\/wp-json\/wp\/v2\/pages"}],"about":[{"href":"https:\/\/karjalankonepaja.fi\/index.php\/wp-json\/wp\/v2\/types\/page"}],"author":[{"embeddable":true,"href":"https:\/\/karjalankonepaja.fi\/index.php\/wp-json\/wp\/v2\/users\/2"}],"replies":[{"embeddable":true,"href":"https:\/\/karjalankonepaja.fi\/index.php\/wp-json\/wp\/v2\/comments?post=139"}],"version-history":[{"count":52,"href":"https:\/\/karjalankonepaja.fi\/index.php\/wp-json\/wp\/v2\/pages\/139\/revisions"}],"predecessor-version":[{"id":613,"href":"https:\/\/karjalankonepaja.fi\/index.php\/wp-json\/wp\/v2\/pages\/139\/revisions\/613"}],"wp:attachment":[{"href":"https:\/\/karjalankonepaja.fi\/index.php\/wp-json\/wp\/v2\/media?parent=139"}],"curies":[{"name":"wp","href":"https:\/\/api.w.org\/{rel}","templated":true}]}}