{"id":12,"date":"2021-11-28T14:17:31","date_gmt":"2021-11-28T12:17:31","guid":{"rendered":"https:\/\/uusi.karjalankonepaja.fi\/?page_id=12"},"modified":"2026-03-19T13:36:02","modified_gmt":"2026-03-19T11:36:02","slug":"verkkosivut","status":"publish","type":"page","link":"https:\/\/karjalankonepaja.fi\/","title":{"rendered":"Suurten ter\u00e4srakenteiden luotettava toimittaja"},"content":{"rendered":"\n<figure class=\"wp-block-image size-full\"><img loading=\"lazy\" decoding=\"async\" width=\"329\" height=\"115\" src=\"https:\/\/karjalankonepaja.fi\/wp-content\/uploads\/2021\/11\/karjalan_konepaja_logo.jpg\" alt=\"Karjalan Konepaja LOGO\" class=\"wp-image-50\" srcset=\"https:\/\/karjalankonepaja.fi\/wp-content\/uploads\/2021\/11\/karjalan_konepaja_logo.jpg 329w, https:\/\/karjalankonepaja.fi\/wp-content\/uploads\/2021\/11\/karjalan_konepaja_logo-300x105.jpg 300w\" sizes=\"auto, (max-width: 329px) 100vw, 329px\" \/><\/figure>\n\n\n\n<p><strong>Karjalan Konepaja Oy<\/strong>&nbsp;on vuonna 1993 perustettu, yksityisess\u00e4 omistuksessa oleva, vakavarainen keskiraskaan metalliteollisuuden tilauskonepaja. Tuotantolaitokset ja hallinto ovat It\u00e4-Suomessa Parikkalassa. Konsernin tyt\u00e4ryritys Panelian Ter\u00e4sty\u00f6 Oy sijaitsee Lounais-Suomessa Harjavallassa.<\/p>\n\n\n\n<div class=\"wp-block-columns is-layout-flex wp-container-core-columns-is-layout-9d6595d7 wp-block-columns-is-layout-flex\">\n<div class=\"wp-block-column is-layout-flow wp-block-column-is-layout-flow\" style=\"flex-basis:33.33%\"><div class=\"wp-block-image\">\n<figure class=\"aligncenter size-full\"><img loading=\"lazy\" decoding=\"async\" width=\"160\" height=\"160\" src=\"https:\/\/karjalankonepaja.fi\/wp-content\/uploads\/2021\/11\/kartta-suomi2.gif\" alt=\"Parikkala - Harjavalta\" class=\"wp-image-14\"\/><\/figure>\n<\/div><\/div>\n\n\n\n<div class=\"wp-block-column is-layout-flow wp-block-column-is-layout-flow\" style=\"flex-basis:66.66%\">\n<p class=\"has-medium-font-size\"><strong>Karjalan Konepaja konserni<\/strong><\/p>\n\n\n\n<p><a href=\"http:\/\/karjalankonepaja.fi\"><strong>Karjalan Konepaja Oy<\/strong><\/a><br><a rel=\"noreferrer noopener\" href=\"http:\/\/panelianterastyo.fi\" target=\"_blank\"><strong>Panelian Ter\u00e4sty\u00f6 Oy<\/strong><\/a><\/p>\n<\/div>\n<\/div>\n\n\n\n<figure class=\"wp-block-image size-large\"><img loading=\"lazy\" decoding=\"async\" width=\"1024\" height=\"768\" src=\"https:\/\/karjalankonepaja.fi\/wp-content\/uploads\/2021\/12\/IMG_3587-1024x768.jpeg\" alt=\"\" class=\"wp-image-420\" srcset=\"https:\/\/karjalankonepaja.fi\/wp-content\/uploads\/2021\/12\/IMG_3587-1024x768.jpeg 1024w, https:\/\/karjalankonepaja.fi\/wp-content\/uploads\/2021\/12\/IMG_3587-300x225.jpeg 300w, https:\/\/karjalankonepaja.fi\/wp-content\/uploads\/2021\/12\/IMG_3587-150x113.jpeg 150w, https:\/\/karjalankonepaja.fi\/wp-content\/uploads\/2021\/12\/IMG_3587-768x576.jpeg 768w, https:\/\/karjalankonepaja.fi\/wp-content\/uploads\/2021\/12\/IMG_3587-1536x1152.jpeg 1536w, https:\/\/karjalankonepaja.fi\/wp-content\/uploads\/2021\/12\/IMG_3587-2048x1536.jpeg 2048w, https:\/\/karjalankonepaja.fi\/wp-content\/uploads\/2021\/12\/IMG_3587-400x300.jpeg 400w\" sizes=\"auto, (max-width: 1024px) 100vw, 1024px\" \/><\/figure>\n\n\n\n<div class=\"wp-block-columns is-layout-flex wp-container-core-columns-is-layout-9d6595d7 wp-block-columns-is-layout-flex\">\n<div class=\"wp-block-column is-layout-flow wp-block-column-is-layout-flow\" style=\"flex-basis:33.33%\">\n<p class=\"has-medium-font-size\"><strong>YHTEYSTIEDOT<\/strong><\/p>\n\n\n\n<figure class=\"wp-block-image size-full\"><img loading=\"lazy\" decoding=\"async\" width=\"300\" height=\"334\" src=\"https:\/\/karjalankonepaja.fi\/wp-content\/uploads\/2021\/11\/kartta-parikkala.gif\" alt=\"Kannaksentie 3\" class=\"wp-image-15\"\/><\/figure>\n\n\n\n<figure class=\"wp-block-image size-full\"><img loading=\"lazy\" decoding=\"async\" width=\"300\" height=\"99\" src=\"https:\/\/karjalankonepaja.fi\/wp-content\/uploads\/2021\/12\/ilmakuva2.jpg\" alt=\"Ilmakuva Karjalan Konepaja\" class=\"wp-image-348\" srcset=\"https:\/\/karjalankonepaja.fi\/wp-content\/uploads\/2021\/12\/ilmakuva2.jpg 300w, https:\/\/karjalankonepaja.fi\/wp-content\/uploads\/2021\/12\/ilmakuva2-150x50.jpg 150w\" sizes=\"auto, (max-width: 300px) 100vw, 300px\" \/><\/figure>\n<\/div>\n\n\n\n<div class=\"wp-block-column is-layout-flow wp-block-column-is-layout-flow\" style=\"flex-basis:66.66%\">\n<p><strong>Karjalan Konepaja Oy<\/strong><br>Kirjolan teollisuusalue<br>Kannaksentie 3<br>FI-59100 PARIKKALA<br>puhelin +358 (0)5 6880 800<br>karjalan.konepaja(at)karjalankonepaja.fi<br>Y-tunnus 0930986-4&nbsp;<\/p>\n\n\n\n<p>MYYNTI, MARKKINOINTI<br><strong>Simo Salminen<\/strong>&nbsp;toimitusjohtaja CEO<br>simo.salminen(at)karjalankonepaja.fi<br>+358 500 700 718<\/p>\n\n\n\n<p>TALOUSHALLINTO<br><strong>Margarita Petril\u00e4inen<\/strong><br>marpet(at)karjalankonepaja.fi<br>+358 50 331 5817<\/p>\n<\/div>\n<\/div>\n\n\n\n<div class=\"wp-block-columns is-layout-flex wp-container-core-columns-is-layout-9d6595d7 wp-block-columns-is-layout-flex\">\n<div class=\"wp-block-column is-layout-flow wp-block-column-is-layout-flow\" style=\"flex-basis:33.33%\">\n<figure class=\"wp-block-image size-full\"><img loading=\"lazy\" decoding=\"async\" width=\"300\" height=\"514\" src=\"https:\/\/karjalankonepaja.fi\/wp-content\/uploads\/2021\/11\/ville.jpg\" alt=\"Soihtu torni\" class=\"wp-image-20\" srcset=\"https:\/\/karjalankonepaja.fi\/wp-content\/uploads\/2021\/11\/ville.jpg 300w, https:\/\/karjalankonepaja.fi\/wp-content\/uploads\/2021\/11\/ville-175x300.jpg 175w\" sizes=\"auto, (max-width: 300px) 100vw, 300px\" \/><\/figure>\n<\/div>\n\n\n\n<div class=\"wp-block-column is-layout-flow wp-block-column-is-layout-flow\" style=\"flex-basis:66.66%\">\n<p>PROJEKTIT<br><strong>Jani Aho<\/strong><br>jani.aho(at)karjalankonepaja.fi<br>+358 50 363 0650&nbsp;<\/p>\n\n\n\n<p><strong>Ari Kostiainen<\/strong> projekti-insin\u00f6\u00f6ri MQ IWE<br>ari.kostiainen(at)karjalankonepaja.fi<br>+358 50 555 3430<\/p>\n\n\n\n<p>KONEPAJA<br><strong>Jorma Repo<\/strong><br>jorma.repo(at)karjalankonepaja.fi<br>+358 50 375 1910&nbsp;<\/p>\n\n\n\n<p>ASENNUS<br><strong>Ville Sysi\u00f6<\/strong>&nbsp;IWS<br>ville.sysio(at)karjalankonepaja.fi<br>+358 50 304 7787<\/p>\n<\/div>\n<\/div>\n\n\n\n<div class=\"wp-block-columns is-layout-flex wp-container-core-columns-is-layout-9d6595d7 wp-block-columns-is-layout-flex\">\n<div class=\"wp-block-column is-layout-flow wp-block-column-is-layout-flow\" style=\"flex-basis:33.33%\">\n<p class=\"has-medium-font-size\"><strong>LAATU<\/strong><\/p>\n\n\n\n<figure class=\"wp-block-image size-full is-resized\"><img loading=\"lazy\" decoding=\"async\" width=\"388\" height=\"337\" src=\"https:\/\/karjalankonepaja.fi\/wp-content\/uploads\/2021\/11\/1090.gif\" alt=\"\" class=\"wp-image-21\" style=\"width:170px;height:147px\"\/><\/figure>\n\n\n\n<p><a href=\"https:\/\/karjalankonepaja.fi\/wp-content\/uploads\/2025\/05\/7879-03fi.pdf\" target=\"_blank\" rel=\"noreferrer noopener\">EN 1090-sertifikaatti.pdf<\/a><br><a href=\"https:\/\/karjalankonepaja.fi\/wp-content\/uploads\/2021\/12\/Suoritustasoilmoitus.pdf\" target=\"_blank\" rel=\"noreferrer noopener\">Suoritustasoilmoitus.pdf<\/a><br><a href=\"https:\/\/karjalankonepaja.fi\/wp-content\/uploads\/2021\/12\/Tietosuojaseloste-25.5.2018.pdf\" data-type=\"URL\" target=\"_blank\" rel=\"noreferrer noopener\">Tietosuojaseloste.pdf<\/a><\/p>\n<\/div>\n\n\n\n<div class=\"wp-block-column is-layout-flow wp-block-column-is-layout-flow\" style=\"flex-basis:66.66%\">\n<p>Laadunhallintaj\u00e4rjestelm\u00e4ss\u00e4 on noudatettu standardeja SFS-EN 1090-2 sek\u00e4 SFS-EN ISO 9001 ja SFS-EN ISO 3834-2 soveltuvin osin.<br>Karjalan Konepajalle on my\u00f6nnetty 15.4.2014 sertifikaatti hitsattujen ter\u00e4skokoonpanojen CE -merkint\u00e4\u00e4n. <br>CE -merkint\u00e4oikeus kattaa rakenteelliset hitsatut ter\u00e4skokoonpanot ja tuotej\u00e4rjestelm\u00e4t standardin EN1090\u20131:2009+A1:2011 mukaan toteutusluokissa EXC1, EXC2 ja EXC3.<\/p>\n\n\n\n<p>Toimintamme on kolmannen osapuolen valvomaa ja Kiwa Sertifiointi Oy on auditoinut yrityksemme vuosittain, viimeisen kerran 18.03.2026<\/p>\n<\/div>\n<\/div>\n\n\n\n<figure class=\"wp-block-image size-large\"><img loading=\"lazy\" decoding=\"async\" width=\"1024\" height=\"768\" src=\"https:\/\/karjalankonepaja.fi\/wp-content\/uploads\/2021\/12\/Laitaatsalmi-1024x768.jpg\" alt=\"\" class=\"wp-image-409\" srcset=\"https:\/\/karjalankonepaja.fi\/wp-content\/uploads\/2021\/12\/Laitaatsalmi-1024x768.jpg 1024w, https:\/\/karjalankonepaja.fi\/wp-content\/uploads\/2021\/12\/Laitaatsalmi-300x225.jpg 300w, https:\/\/karjalankonepaja.fi\/wp-content\/uploads\/2021\/12\/Laitaatsalmi-150x112.jpg 150w, https:\/\/karjalankonepaja.fi\/wp-content\/uploads\/2021\/12\/Laitaatsalmi-768x576.jpg 768w, https:\/\/karjalankonepaja.fi\/wp-content\/uploads\/2021\/12\/Laitaatsalmi-1536x1152.jpg 1536w, https:\/\/karjalankonepaja.fi\/wp-content\/uploads\/2021\/12\/Laitaatsalmi-2048x1535.jpg 2048w, https:\/\/karjalankonepaja.fi\/wp-content\/uploads\/2021\/12\/Laitaatsalmi-400x300.jpg 400w\" sizes=\"auto, (max-width: 1024px) 100vw, 1024px\" \/><\/figure>\n","protected":false},"excerpt":{"rendered":"<p>Karjalan Konepaja Oy&nbsp;on vuonna 1993 perustettu, yksityisess\u00e4 omistuksessa oleva, vakavarainen keskiraskaan metalliteollisuuden tilauskonepaja. Tuotantolaitokset ja hallinto ovat It\u00e4-Suomessa Parikkalassa. Konsernin tyt\u00e4ryritys Panelian Ter\u00e4sty\u00f6 Oy sijaitsee Lounais-Suomessa Harjavallassa. Karjalan Konepaja konserni Karjalan Konepaja OyPanelian Ter\u00e4sty\u00f6 Oy YHTEYSTIEDOT Karjalan Konepaja OyKirjolan teollisuusalueKannaksentie &hellip; <a href=\"https:\/\/karjalankonepaja.fi\/\">Lue loppuun <span class=\"meta-nav\">&rarr;<\/span><\/a><\/p>\n","protected":false},"author":2,"featured_media":0,"parent":0,"menu_order":0,"comment_status":"closed","ping_status":"closed","template":"sidebar-page.php","meta":{"footnotes":""},"class_list":["post-12","page","type-page","status-publish","hentry"],"_links":{"self":[{"href":"https:\/\/karjalankonepaja.fi\/index.php\/wp-json\/wp\/v2\/pages\/12","targetHints":{"allow":["GET"]}}],"collection":[{"href":"https:\/\/karjalankonepaja.fi\/index.php\/wp-json\/wp\/v2\/pages"}],"about":[{"href":"https:\/\/karjalankonepaja.fi\/index.php\/wp-json\/wp\/v2\/types\/page"}],"author":[{"embeddable":true,"href":"https:\/\/karjalankonepaja.fi\/index.php\/wp-json\/wp\/v2\/users\/2"}],"replies":[{"embeddable":true,"href":"https:\/\/karjalankonepaja.fi\/index.php\/wp-json\/wp\/v2\/comments?post=12"}],"version-history":[{"count":118,"href":"https:\/\/karjalankonepaja.fi\/index.php\/wp-json\/wp\/v2\/pages\/12\/revisions"}],"predecessor-version":[{"id":632,"href":"https:\/\/karjalankonepaja.fi\/index.php\/wp-json\/wp\/v2\/pages\/12\/revisions\/632"}],"wp:attachment":[{"href":"https:\/\/karjalankonepaja.fi\/index.php\/wp-json\/wp\/v2\/media?parent=12"}],"curies":[{"name":"wp","href":"https:\/\/api.w.org\/{rel}","templated":true}]}}